{"id":25,"date":"2025-11-23T10:44:00","date_gmt":"2025-11-23T15:44:00","guid":{"rendered":"https:\/\/araisis.com\/contact\/"},"modified":"2026-03-30T20:22:58","modified_gmt":"2026-03-31T00:22:58","slug":"contact","status":"publish","type":"page","link":"https:\/\/araisis.com\/en\/contact\/","title":{"rendered":"Contact"},"content":{"rendered":"\t\t<div data-elementor-type=\"wp-post\" data-elementor-id=\"25\" class=\"elementor elementor-25\" data-elementor-settings=\"{&quot;ha_cmc_init_switcher&quot;:&quot;no&quot;}\">\n\t\t\t\t<div class=\"elementor-element elementor-element-296b94c e-flex e-con-boxed elementor-invisible e-con e-parent\" data-id=\"296b94c\" data-element_type=\"container\" data-e-type=\"container\" data-settings=\"{&quot;background_background&quot;:&quot;classic&quot;,&quot;animation&quot;:&quot;fadeIn&quot;,&quot;_ha_eqh_enable&quot;:false}\">\n\t\t\t\t\t<div class=\"e-con-inner\">\n\t\t<div class=\"elementor-element elementor-element-6c80bf4 e-con-full e-flex e-con e-child\" data-id=\"6c80bf4\" data-element_type=\"container\" data-e-type=\"container\" data-settings=\"{&quot;_ha_eqh_enable&quot;:false}\">\n\t\t\t\t<div class=\"elementor-element elementor-element-7d0883e elementor-widget elementor-widget-spacer\" data-id=\"7d0883e\" data-element_type=\"widget\" data-e-type=\"widget\" data-widget_type=\"spacer.default\">\n\t\t\t\t<div class=\"elementor-widget-container\">\n\t\t\t\t\t\t\t<div class=\"elementor-spacer\">\n\t\t\t<div class=\"elementor-spacer-inner\"><\/div>\n\t\t<\/div>\n\t\t\t\t\t\t<\/div>\n\t\t\t\t<\/div>\n\t\t\t\t<div class=\"elementor-element elementor-element-8aa6359 elementor-widget elementor-widget-heading\" data-id=\"8aa6359\" data-element_type=\"widget\" data-e-type=\"widget\" data-widget_type=\"heading.default\">\n\t\t\t\t<div class=\"elementor-widget-container\">\n\t\t\t\t\t<h1 class=\"elementor-heading-title elementor-size-default\">CONTACTO<\/h1>\t\t\t\t<\/div>\n\t\t\t\t<\/div>\n\t\t\t\t<div class=\"elementor-element elementor-element-adb1249 elementor-widget elementor-widget-heading\" data-id=\"adb1249\" data-element_type=\"widget\" data-e-type=\"widget\" data-widget_type=\"heading.default\">\n\t\t\t\t<div class=\"elementor-widget-container\">\n\t\t\t\t\t<h4 class=\"elementor-heading-title elementor-size-default\">Conversemos<\/h4>\t\t\t\t<\/div>\n\t\t\t\t<\/div>\n\t\t\t\t<div class=\"elementor-element elementor-element-d69a6de elementor-widget__width-initial elementor-widget elementor-widget-text-editor\" data-id=\"d69a6de\" data-element_type=\"widget\" data-e-type=\"widget\" data-widget_type=\"text-editor.default\">\n\t\t\t\t<div class=\"elementor-widget-container\">\n\t\t\t\t\t\t\t\t\t<p>Si deseas realizar una consulta espec\u00edfica, recibir m\u00e1s informaci\u00f3n sobre las lecturas astrol\u00f3gicas o explorar la posibilidad de <strong data-start=\"594\" data-end=\"645\">talleres presenciales, retiros o colaboraciones<\/strong>, este es el espacio adecuado para contactarnos.<\/p><p>En <strong data-start=\"698\" data-end=\"709\">Araisis<\/strong>, acompa\u00f1amos procesos individuales y colectivos desde una mirada consciente, profesional y profundamente humana.<br data-start=\"822\" data-end=\"825\" \/>Si eres organizador\/a de retiros, facilitador\/a, centro de bienestar o instituci\u00f3n interesada en integrar astrolog\u00eda evolutiva, talleres de transformaci\u00f3n o experiencias grupales, estaremos encantados de conocerte y conversar sobre tu propuesta.<\/p>\t\t\t\t\t\t\t\t<\/div>\n\t\t\t\t<\/div>\n\t\t\t\t<div class=\"elementor-element elementor-element-b0e1193 elementor-widget elementor-widget-spacer\" data-id=\"b0e1193\" data-element_type=\"widget\" data-e-type=\"widget\" data-widget_type=\"spacer.default\">\n\t\t\t\t<div class=\"elementor-widget-container\">\n\t\t\t\t\t\t\t<div class=\"elementor-spacer\">\n\t\t\t<div class=\"elementor-spacer-inner\"><\/div>\n\t\t<\/div>\n\t\t\t\t\t\t<\/div>\n\t\t\t\t<\/div>\n\t\t\t\t<\/div>\n\t\t\t\t\t<\/div>\n\t\t\t\t<\/div>\n\t\t<div class=\"elementor-element elementor-element-2f83913 e-flex e-con-boxed e-con e-parent\" data-id=\"2f83913\" data-element_type=\"container\" data-e-type=\"container\" data-settings=\"{&quot;background_background&quot;:&quot;gradient&quot;,&quot;_ha_eqh_enable&quot;:false}\">\n\t\t\t\t\t<div class=\"e-con-inner\">\n\t\t<div class=\"elementor-element elementor-element-75e6114 e-flex e-con-boxed e-con e-child\" data-id=\"75e6114\" data-element_type=\"container\" data-e-type=\"container\" data-settings=\"{&quot;_ha_eqh_enable&quot;:false}\">\n\t\t\t\t\t<div class=\"e-con-inner\">\n\t\t\t\t<div class=\"elementor-element elementor-element-4dc9342 elementor-widget elementor-widget-spacer\" data-id=\"4dc9342\" data-element_type=\"widget\" data-e-type=\"widget\" data-widget_type=\"spacer.default\">\n\t\t\t\t<div class=\"elementor-widget-container\">\n\t\t\t\t\t\t\t<div class=\"elementor-spacer\">\n\t\t\t<div class=\"elementor-spacer-inner\"><\/div>\n\t\t<\/div>\n\t\t\t\t\t\t<\/div>\n\t\t\t\t<\/div>\n\t\t\t\t<div class=\"elementor-element elementor-element-53161b1 elementor-widget__width-initial elementor-widget elementor-widget-text-editor\" data-id=\"53161b1\" data-element_type=\"widget\" data-e-type=\"widget\" data-widget_type=\"text-editor.default\">\n\t\t\t\t<div class=\"elementor-widget-container\">\n\t\t\t\t\t\t\t\t\t<p data-start=\"180\" data-end=\"346\"><strong data-start=\"180\" data-end=\"346\">Completa tus datos y env\u00eda tu solicitud. Me pondr\u00e9 en contacto contigo a la mayor brevedad para coordinar tu sesi\u00f3n o atender tu consulta de manera personalizada.<\/strong><\/p><p data-start=\"180\" data-end=\"346\"><strong data-start=\"180\" data-end=\"346\">\u00a0<\/strong><\/p><p data-start=\"348\" data-end=\"366\"><strong data-start=\"348\" data-end=\"366\">En tu mensaje:<\/strong><\/p><p data-start=\"348\" data-end=\"366\"><strong data-start=\"348\" data-end=\"366\">\u00a0<\/strong><\/p><ul data-start=\"367\" data-end=\"574\"><li data-section-id=\"jxns09\" data-start=\"367\" data-end=\"449\"><strong data-start=\"369\" data-end=\"387\">Para lecturas:<\/strong> incluye tu fecha, hora y lugar de nacimiento (ciudad y pa\u00eds).<\/li><li data-section-id=\"17poqb5\" data-start=\"450\" data-end=\"574\"><strong data-start=\"452\" data-end=\"496\">Para talleres, retiros o colaboraciones:<\/strong> indica tu solicitud y a\u00f1ade detalles relevantes como fechas, lugar y enfoque.<\/li><\/ul>\t\t\t\t\t\t\t\t<\/div>\n\t\t\t\t<\/div>\n\t\t\t\t<div class=\"elementor-element elementor-element-4b45850 elementor-widget elementor-widget-spacer\" data-id=\"4b45850\" data-element_type=\"widget\" data-e-type=\"widget\" data-widget_type=\"spacer.default\">\n\t\t\t\t<div class=\"elementor-widget-container\">\n\t\t\t\t\t\t\t<div class=\"elementor-spacer\">\n\t\t\t<div class=\"elementor-spacer-inner\"><\/div>\n\t\t<\/div>\n\t\t\t\t\t\t<\/div>\n\t\t\t\t<\/div>\n\t\t\t\t<div class=\"elementor-element elementor-element-f9eab34 elementor-widget elementor-widget-heading\" data-id=\"f9eab34\" data-element_type=\"widget\" data-e-type=\"widget\" data-widget_type=\"heading.default\">\n\t\t\t\t<div class=\"elementor-widget-container\">\n\t\t\t\t\t<h3 class=\"elementor-heading-title elementor-size-default\">Formulario de Contacto<\/h3>\t\t\t\t<\/div>\n\t\t\t\t<\/div>\n\t\t<div class=\"elementor-element elementor-element-5d040fa e-con-full e-flex e-con e-child\" data-id=\"5d040fa\" data-element_type=\"container\" data-e-type=\"container\" data-settings=\"{&quot;_ha_eqh_enable&quot;:false}\">\n\t\t<div class=\"elementor-element elementor-element-7b893bb e-flex e-con-boxed e-con e-child\" data-id=\"7b893bb\" data-element_type=\"container\" data-e-type=\"container\" data-settings=\"{&quot;background_background&quot;:&quot;classic&quot;,&quot;_ha_eqh_enable&quot;:false}\">\n\t\t\t\t\t<div class=\"e-con-inner\">\n\t\t\t\t<div class=\"elementor-element elementor-element-0a194b6 elementor-widget elementor-widget-wpforms\" data-id=\"0a194b6\" data-element_type=\"widget\" data-e-type=\"widget\" data-widget_type=\"wpforms.default\">\n\t\t\t\t<div class=\"elementor-widget-container\">\n\t\t\t\t\t<div class=\"wpforms-container \" id=\"wpforms-18\"><form id=\"wpforms-form-18\" class=\"wpforms-validate wpforms-form\" data-formid=\"18\" method=\"post\" enctype=\"multipart\/form-data\" action=\"\/en\/wp-json\/wp\/v2\/pages\/25\" data-token=\"8d60df75a3183d00d1de75f00247980a\" data-token-time=\"1776381025\"><noscript class=\"wpforms-error-noscript\">Please enable JavaScript in your browser to complete this form.<\/noscript><div class=\"wpforms-field-container\"><div id=\"wpforms-18-field_0-container\" class=\"wpforms-field wpforms-field-name\" data-field-id=\"0\"><label class=\"wpforms-field-label\" for=\"wpforms-18-field_0\">Nombre <span class=\"wpforms-required-label\">*<\/span><\/label><input type=\"text\" id=\"wpforms-18-field_0\" class=\"wpforms-field-large wpforms-field-required\" name=\"wpforms[fields][0]\" placeholder=\"Tu nombre*\" required><\/div>\t\t<div id=\"wpforms-18-field_3-container\"\n\t\t\tclass=\"wpforms-field wpforms-field-text\"\n\t\t\tdata-field-type=\"text\"\n\t\t\tdata-field-id=\"3\"\n\t\t\t>\n\t\t\t<label class=\"wpforms-field-label\" for=\"wpforms-18-field_3\" >Nombre talleres\/retiros) Tu<\/label>\n\t\t\t<input type=\"text\" id=\"wpforms-18-field_3\" class=\"wpforms-field-medium\" name=\"wpforms[fields][3]\" >\n\t\t<\/div>\n\t\t<div id=\"wpforms-18-field_1-container\" class=\"wpforms-field wpforms-field-email\" data-field-id=\"1\"><label class=\"wpforms-field-label\" for=\"wpforms-18-field_1\">Email <span class=\"wpforms-required-label\">*<\/span><\/label><input type=\"email\" id=\"wpforms-18-field_1\" class=\"wpforms-field-large wpforms-field-required\" name=\"wpforms[fields][1]\" placeholder=\"Tu email*\" spellcheck=\"false\" required><\/div><div id=\"wpforms-18-field_6-container\" class=\"wpforms-field wpforms-field-select wpforms-field-select-style-classic\" data-field-id=\"6\"><label class=\"wpforms-field-label\" for=\"wpforms-18-field_6\">Selecciona una opci\u00f3n <span class=\"wpforms-required-label\">*<\/span><\/label><select id=\"wpforms-18-field_6\" class=\"wpforms-field-medium wpforms-field-required\" name=\"wpforms[fields][6]\" required=\"required\"><option value=\"\" class=\"placeholder\" disabled  selected='selected'>--- Select Choice ---<\/option><option value=\"Lectura de Carta Natal (Versi\u00f3n Escrita)\"  class=\"choice-1 depth-1\"  >Lectura de Carta Natal (Versi\u00f3n Escrita)<\/option><option value=\"Lectura de Carta Natal (Sesi\u00f3n en Vivo)\"  class=\"choice-2 depth-1\"  >Lectura de Carta Natal (Sesi\u00f3n en Vivo)<\/option><option value=\"Lectura de Carta Natal con Acompa\u00f1amiento Evolutivo\"  class=\"choice-3 depth-1\"  >Lectura de Carta Natal con Acompa\u00f1amiento Evolutivo<\/option><option value=\"Lectura de Carta Natal con Tr\u00e1nsitos\"  class=\"choice-4 depth-1\"  >Lectura de Carta Natal con Tr\u00e1nsitos<\/option><option value=\"Lectura: Progresiones y Tr\u00e1nsitos\"  class=\"choice-5 depth-1\"  >Lectura: Progresiones y Tr\u00e1nsitos<\/option><option value=\"Lectura de Revoluci\u00f3n Solar\"  class=\"choice-6 depth-1\"  >Lectura de Revoluci\u00f3n Solar<\/option><option value=\"\u00bfQui\u00e9n Soy Yo? Explorando la Identidad del Adolescente\"  class=\"choice-12 depth-1\"  >\u00bfQui\u00e9n Soy Yo? Explorando la Identidad del Adolescente<\/option><option value=\"Tu Luna Natal: Comprendiendo tu mundo emocional\"  class=\"choice-11 depth-1\"  >Tu Luna Natal: Comprendiendo tu mundo emocional<\/option><option value=\"Tu Venus Natal: Amor, Valor y Abundancia\"  class=\"choice-10 depth-1\"  >Tu Venus Natal: Amor, Valor y Abundancia<\/option><option value=\"Lilith en tu Carta Natal: Sombra y Poder Personal\"  class=\"choice-9 depth-1\"  >Lilith en tu Carta Natal: Sombra y Poder Personal<\/option><option value=\"Intencionado  con la Luna: Vivir en sinton\u00eda con sus ciclos\"  class=\"choice-8 depth-1\"  >Intencionado  con la Luna: Vivir en sinton\u00eda con sus ciclos<\/option><option value=\"Dos Lunas: Comprendiendo el mundo emocional de la relaci\u00f3n\"  class=\"choice-7 depth-1\"  >Dos Lunas: Comprendiendo el mundo emocional de la relaci\u00f3n<\/option><option value=\"Talleres Astrol\u00f3gicos\"  class=\"choice-13 depth-1\"  >Talleres Astrol\u00f3gicos<\/option><option value=\"Retiros\"  class=\"choice-14 depth-1\"  >Retiros<\/option><\/select><\/div><div id=\"wpforms-18-field_2-container\" class=\"wpforms-field wpforms-field-textarea\" data-field-id=\"2\"><label class=\"wpforms-field-label\" for=\"wpforms-18-field_2\">Tu mensaje (lectura o talleres\/retiros)<\/label><textarea id=\"wpforms-18-field_2\" class=\"wpforms-field-medium\" name=\"wpforms[fields][2]\" placeholder=\"Tu mensaje*\" ><\/textarea><\/div><script>\n\t\t\t\t( function() {\n\t\t\t\t\tconst style = document.createElement( 'style' );\n\t\t\t\t\tstyle.appendChild( document.createTextNode( '#wpforms-18-field_3-container { position: absolute !important; overflow: hidden !important; display: inline !important; height: 1px !important; width: 1px !important; z-index: -1000 !important; padding: 0 !important; } #wpforms-18-field_3-container input { visibility: hidden; } #wpforms-conversational-form-page #wpforms-18-field_3-container label { counter-increment: none; }' ) );\n\t\t\t\t\tdocument.head.appendChild( style );\n\t\t\t\t\tdocument.currentScript?.remove();\n\t\t\t\t} )();\n\t\t\t<\/script><\/div><!-- .wpforms-field-container --><div class=\"wpforms-submit-container\" ><input type=\"hidden\" name=\"wpforms[id]\" value=\"18\"><input type=\"hidden\" name=\"page_title\" value=\"\"><input type=\"hidden\" name=\"page_url\" value=\"https:\/\/araisis.com\/en\/wp-json\/wp\/v2\/pages\/25\"><input type=\"hidden\" name=\"url_referer\" value=\"\"><button type=\"submit\" name=\"wpforms[submit]\" id=\"wpforms-submit-18\" class=\"wpforms-submit\" data-alt-text=\"Sending...\" data-submit-text=\"Enviar\" aria-live=\"assertive\" value=\"wpforms-submit\">Enviar<\/button><\/div><\/form><\/div>  <!-- .wpforms-container -->\t\t\t\t<\/div>\n\t\t\t\t<\/div>\n\t\t\t\t<div class=\"elementor-element elementor-element-50d4cfc elementor-widget__width-initial elementor-widget elementor-widget-text-editor\" data-id=\"50d4cfc\" data-element_type=\"widget\" data-e-type=\"widget\" data-widget_type=\"text-editor.default\">\n\t\t\t\t<div class=\"elementor-widget-container\">\n\t\t\t\t\t\t\t\t\t<p><em>Si tu mensaje est\u00e1 relacionado con talleres presenciales, retiros o colaboraciones,\u00a0<\/em><em style=\"font-weight: inherit;\">ind\u00edcalo en el mensaje para una mejor atenci\u00f3n.<\/em><\/p>\t\t\t\t\t\t\t\t<\/div>\n\t\t\t\t<\/div>\n\t\t\t\t\t<\/div>\n\t\t\t\t<\/div>\n\t\t\t\t<\/div>\n\t\t\t\t\t<\/div>\n\t\t\t\t<\/div>\n\t\t\t\t\t<\/div>\n\t\t\t\t<\/div>\n\t\t<div class=\"elementor-element elementor-element-fe2c4e7 e-flex e-con-boxed e-con e-parent\" data-id=\"fe2c4e7\" data-element_type=\"container\" data-e-type=\"container\" data-settings=\"{&quot;background_background&quot;:&quot;classic&quot;,&quot;_ha_eqh_enable&quot;:false}\">\n\t\t\t\t\t<div class=\"e-con-inner\">\n\t\t<div class=\"elementor-element elementor-element-8709e8d e-con-full e-flex e-con e-child\" data-id=\"8709e8d\" data-element_type=\"container\" data-e-type=\"container\" data-settings=\"{&quot;background_background&quot;:&quot;classic&quot;,&quot;_ha_eqh_enable&quot;:false}\">\n\t\t<div class=\"elementor-element elementor-element-cd79536 e-con-full e-flex e-con e-child\" data-id=\"cd79536\" data-element_type=\"container\" data-e-type=\"container\" data-settings=\"{&quot;_ha_eqh_enable&quot;:false}\">\n\t\t\t\t<div class=\"elementor-element elementor-element-bb73d28 elementor-widget elementor-widget-spacer\" data-id=\"bb73d28\" data-element_type=\"widget\" data-e-type=\"widget\" data-widget_type=\"spacer.default\">\n\t\t\t\t<div class=\"elementor-widget-container\">\n\t\t\t\t\t\t\t<div class=\"elementor-spacer\">\n\t\t\t<div class=\"elementor-spacer-inner\"><\/div>\n\t\t<\/div>\n\t\t\t\t\t\t<\/div>\n\t\t\t\t<\/div>\n\t\t\t\t<div class=\"elementor-element elementor-element-4bf1bc0 elementor-widget elementor-widget-heading\" data-id=\"4bf1bc0\" data-element_type=\"widget\" data-e-type=\"widget\" data-widget_type=\"heading.default\">\n\t\t\t\t<div class=\"elementor-widget-container\">\n\t\t\t\t\t<h3 class=\"elementor-heading-title elementor-size-default\">\u00bfBuscas una lectura astrol\u00f3gica personal?<\/h3>\t\t\t\t<\/div>\n\t\t\t\t<\/div>\n\t\t\t\t<div class=\"elementor-element elementor-element-1afdff3 elementor-widget elementor-widget-text-editor\" data-id=\"1afdff3\" data-element_type=\"widget\" data-e-type=\"widget\" data-widget_type=\"text-editor.default\">\n\t\t\t\t<div class=\"elementor-widget-container\">\n\t\t\t\t\t\t\t\t\t<p data-start=\"2134\" data-end=\"2341\">Si tu inter\u00e9s est\u00e1 enfocado en una <strong data-start=\"2182\" data-end=\"2216\">lectura astrol\u00f3gica individual<\/strong>, puedes explorar directamente los servicios disponibles y reservar tu sesi\u00f3n de forma sencilla desde la secci\u00f3n de lecturas.<\/p><p data-start=\"2343\" data-end=\"2460\">Cada sesi\u00f3n est\u00e1 dise\u00f1ada para ofrecer claridad, comprensi\u00f3n y gu\u00eda pr\u00e1ctica desde una mirada evolutiva y consciente.<\/p>\t\t\t\t\t\t\t\t<\/div>\n\t\t\t\t<\/div>\n\t\t<div class=\"elementor-element elementor-element-cd4e4b3 e-con-full e-flex e-con e-child\" data-id=\"cd4e4b3\" data-element_type=\"container\" data-e-type=\"container\" data-settings=\"{&quot;_ha_eqh_enable&quot;:false}\">\n\t\t\t\t<div class=\"elementor-element elementor-element-080c5fb elementor-align-center elementor-tablet-align-center elementor-mobile-align-left elementor-widget elementor-widget-button\" data-id=\"080c5fb\" data-element_type=\"widget\" data-e-type=\"widget\" data-widget_type=\"button.default\">\n\t\t\t\t<div class=\"elementor-widget-container\">\n\t\t\t\t\t\t\t\t\t<div class=\"elementor-button-wrapper\">\n\t\t\t\t\t<a class=\"elementor-button elementor-button-link elementor-size-sm\" href=\"https:\/\/araisis.com\/services\/\">\n\t\t\t\t\t\t<span class=\"elementor-button-content-wrapper\">\n\t\t\t\t\t\t\t\t\t<span class=\"elementor-button-text\">Ver lecturas y reservar sesi\u00f3n<\/span>\n\t\t\t\t\t<\/span>\n\t\t\t\t\t<\/a>\n\t\t\t\t<\/div>\n\t\t\t\t\t\t\t\t<\/div>\n\t\t\t\t<\/div>\n\t\t\t\t<\/div>\n\t\t\t\t<div class=\"elementor-element elementor-element-aacc96c elementor-widget elementor-widget-spacer\" data-id=\"aacc96c\" data-element_type=\"widget\" data-e-type=\"widget\" data-widget_type=\"spacer.default\">\n\t\t\t\t<div class=\"elementor-widget-container\">\n\t\t\t\t\t\t\t<div class=\"elementor-spacer\">\n\t\t\t<div class=\"elementor-spacer-inner\"><\/div>\n\t\t<\/div>\n\t\t\t\t\t\t<\/div>\n\t\t\t\t<\/div>\n\t\t\t\t<\/div>\n\t\t\t\t<\/div>\n\t\t\t\t\t<\/div>\n\t\t\t\t<\/div>\n\t\t\t\t<\/div>\n\t\t","protected":false},"excerpt":{"rendered":"<p>CONTACTO Conversemos Si deseas realizar una consulta espec\u00edfica, recibir m\u00e1s informaci\u00f3n sobre las lecturas astrol\u00f3gicas o explorar la posibilidad de talleres presenciales, retiros o colaboraciones, este es el espacio adecuado para contactarnos. En Araisis, acompa\u00f1amos procesos individuales y colectivos desde una mirada consciente, profesional y profundamente humana.Si eres organizador\/a de retiros, facilitador\/a, centro de bienestar [&hellip;]<\/p>\n","protected":false},"author":1,"featured_media":0,"parent":0,"menu_order":0,"comment_status":"closed","ping_status":"closed","template":"","meta":{"site-sidebar-layout":"no-sidebar","site-content-layout":"page-builder","ast-site-content-layout":"full-width-container","site-content-style":"unboxed","site-sidebar-style":"unboxed","ast-global-header-display":"","ast-banner-title-visibility":"","ast-main-header-display":"","ast-hfb-above-header-display":"","ast-hfb-below-header-display":"","ast-hfb-mobile-header-display":"","site-post-title":"disabled","ast-breadcrumbs-content":"","ast-featured-img":"disabled","footer-sml-layout":"","theme-transparent-header-meta":"enabled","adv-header-id-meta":"","stick-header-meta":"","header-above-stick-meta":"","header-main-stick-meta":"","header-below-stick-meta":"","astra-migrate-meta-layouts":"set","ast-page-background-enabled":"default","ast-page-background-meta":{"desktop":{"background-color":"","background-image":"","background-repeat":"repeat","background-position":"center center","background-size":"auto","background-attachment":"scroll","background-type":"","background-media":"","overlay-type":"","overlay-color":"","overlay-opacity":"","overlay-gradient":""},"tablet":{"background-color":"","background-image":"","background-repeat":"repeat","background-position":"center center","background-size":"auto","background-attachment":"scroll","background-type":"","background-media":"","overlay-type":"","overlay-color":"","overlay-opacity":"","overlay-gradient":""},"mobile":{"background-color":"","background-image":"","background-repeat":"repeat","background-position":"center center","background-size":"auto","background-attachment":"scroll","background-type":"","background-media":"","overlay-type":"","overlay-color":"","overlay-opacity":"","overlay-gradient":""}},"ast-content-background-meta":{"desktop":{"background-color":"var(--ast-global-color-5)","background-image":"","background-repeat":"repeat","background-position":"center center","background-size":"auto","background-attachment":"scroll","background-type":"","background-media":"","overlay-type":"","overlay-color":"","overlay-opacity":"","overlay-gradient":""},"tablet":{"background-color":"var(--ast-global-color-5)","background-image":"","background-repeat":"repeat","background-position":"center center","background-size":"auto","background-attachment":"scroll","background-type":"","background-media":"","overlay-type":"","overlay-color":"","overlay-opacity":"","overlay-gradient":""},"mobile":{"background-color":"var(--ast-global-color-5)","background-image":"","background-repeat":"repeat","background-position":"center center","background-size":"auto","background-attachment":"scroll","background-type":"","background-media":"","overlay-type":"","overlay-color":"","overlay-opacity":"","overlay-gradient":""}},"footnotes":""},"class_list":["post-25","page","type-page","status-publish","hentry"],"_hostinger_reach_plugin_has_subscription_block":false,"_hostinger_reach_plugin_is_elementor":false,"_links":{"self":[{"href":"https:\/\/araisis.com\/en\/wp-json\/wp\/v2\/pages\/25","targetHints":{"allow":["GET"]}}],"collection":[{"href":"https:\/\/araisis.com\/en\/wp-json\/wp\/v2\/pages"}],"about":[{"href":"https:\/\/araisis.com\/en\/wp-json\/wp\/v2\/types\/page"}],"author":[{"embeddable":true,"href":"https:\/\/araisis.com\/en\/wp-json\/wp\/v2\/users\/1"}],"replies":[{"embeddable":true,"href":"https:\/\/araisis.com\/en\/wp-json\/wp\/v2\/comments?post=25"}],"version-history":[{"count":87,"href":"https:\/\/araisis.com\/en\/wp-json\/wp\/v2\/pages\/25\/revisions"}],"predecessor-version":[{"id":6012,"href":"https:\/\/araisis.com\/en\/wp-json\/wp\/v2\/pages\/25\/revisions\/6012"}],"wp:attachment":[{"href":"https:\/\/araisis.com\/en\/wp-json\/wp\/v2\/media?parent=25"}],"curies":[{"name":"wp","href":"https:\/\/api.w.org\/{rel}","templated":true}]}}